{"id":510,"date":"2024-10-13T15:52:52","date_gmt":"2024-10-13T12:52:52","guid":{"rendered":"https:\/\/mustisoruyor.com\/ikinciel\/?post_type=product&#038;p=510"},"modified":"2024-10-13T15:52:52","modified_gmt":"2024-10-13T12:52:52","slug":"somineli-pelet-sobasi-az-kullanildi-saglam-ve-guzel-isitan-bir-sobadir","status":"publish","type":"product","link":"https:\/\/mustisoruyor.com\/ikinciel\/urun\/somineli-pelet-sobasi-az-kullanildi-saglam-ve-guzel-isitan-bir-sobadir\/","title":{"rendered":"\u015e\u00f6mineli pelet sobas\u0131 az kullan\u0131ld\u0131 sa\u011flam ve g\u00fczel \u0131s\u0131tan bir sobad\u0131r"},"content":{"rendered":"<p><img loading=\"lazy\" decoding=\"async\" class=\"aligncenter size-full wp-image-512\" src=\"https:\/\/mustisoruyor.com\/ikinciel\/wp-content\/uploads\/2024\/10\/ikinci-el-Somineli-pelet-sobasi-1.png\" alt=\"\" width=\"901\" height=\"619\" title=\"\" srcset=\"https:\/\/mustisoruyor.com\/ikinciel\/wp-content\/uploads\/2024\/10\/ikinci-el-Somineli-pelet-sobasi-1.png 901w, https:\/\/mustisoruyor.com\/ikinciel\/wp-content\/uploads\/2024\/10\/ikinci-el-Somineli-pelet-sobasi-1-300x206.png 300w, https:\/\/mustisoruyor.com\/ikinciel\/wp-content\/uploads\/2024\/10\/ikinci-el-Somineli-pelet-sobasi-1-768x528.png 768w, https:\/\/mustisoruyor.com\/ikinciel\/wp-content\/uploads\/2024\/10\/ikinci-el-Somineli-pelet-sobasi-1-600x412.png 600w\" sizes=\"auto, (max-width: 901px) 100vw, 901px\" \/><\/p>\n","protected":false},"excerpt":{"rendered":"<p>ikinci el \u015e\u00f6mineli pelet sobas\u0131 \u00c7ok satan markalar\u0131 uygun ikinci el Pelet sobas\u0131 dorello kuzine soba mf100 model odun k\u00f6m\u00fcr pelet. Kullan\u0131c\u0131lardan her birine \u00f6zel olarak se\u00e7ti\u011fimiz bu ikinci el pelet sobas\u0131, hem ekolojik hem de 13.000 TL. Bursa, Osmangazi fiyata al\u0131n, karl\u0131 \u00e7\u0131k\u0131n.<\/p>\n<p>Dorello F\u0131r\u0131nl\u0131 Pelet Sobas\u0131 Kuzine Pelet Soba Multi Yak\u0131tl\u0131 \u015e\u00f6mine <strong><a href=\"https:\/\/www.google.com\/search?sca_esv=950106f6ed1bd84e&amp;rlz=1C1CHZN_trTR1057TR1057&amp;q=Pelet+Sobas%C4%B1&amp;tbm=vid&amp;source=lnms&amp;fbs=AEQNm0Ar_pXyQt_XTNXL0tlI5N5HBED-h_daORZQAEB7IjGDMulD96sPF4zk-O1d00kB15Kp2CTR3aYctkaOqULfRtHtaErJewx5K8AZolrLJ9mZ1Daz-JCjrhcxGgFvLJiVE3t5HeLJHvRjajTJ8N7HMX1UdRgBRfDczz_cF3ZFkGag5zSrMFfzJbnDbIVZk98pwU1H2opwmTatq3CRHmzWmclOI93CcIA1J8iPXxGsVSLzEBrT6HI&amp;sa=X&amp;sqi=2&amp;ved=2ahUKEwjOxsyIs4uJAxUNg_0HHRFfNbIQ0pQJegQIERAB&amp;biw=1366&amp;bih=641&amp;dpr=1\">Pelet Sobas\u0131<\/a><\/strong> Elektriksiz Ge\u00e7erli \u00fcr\u00fcnlerde \u00fccretsiz kargo ile. DK-22 soban\u0131n detayl\u0131 \u00f6zelliklerini alttaki butona t\u0131klayarak inceleyebilir ve ekonomik a\u00e7\u0131dan m\u00fckemmel bir se\u00e7imdir. Ayr\u0131ca, sofrada farkl\u0131 isterseniz sat\u0131n alabilirsiniz;. Firmam\u0131zdan Daiwa \u015f\u00f6mineli soba<\/p>\n<p><strong><a href=\"https:\/\/www.google.com\/search?q=%C5%9E%C3%B6mine+sobada+pelet+yak%C4%B1l%C4%B1r+m%C4%B1%3F&amp;rlz=1C1CHZN_trTR1057TR1057&amp;oq=%C5%9E%C3%B6mine+sobada+pelet+yak%C4%B1l%C4%B1r+m%C4%B1%3F&amp;gs_lcrp=EgZjaHJvbWUyBggAEEUYOTIHCAEQIRigATIHCAIQIRigATIHCAMQIRigAdIBBzY3OGowajmoAgCwAgE&amp;sourceid=chrome&amp;ie=UTF-8\">\u015e\u00f6mine sobada pelet yak\u0131l\u0131r m\u0131?<\/a><\/strong><br \/>\nSonu\u00e7 Pelet, normal bir sobada yanabilir, ancak en iyi yanma verimlili\u011fi ve enerji tasarrufu i\u00e7in \u00f6zel olarak tasarlanm\u0131\u015f pelet sobalar\u0131n\u0131n kullan\u0131lmas\u0131 \u00f6nerilir.<\/p>\n","protected":false},"featured_media":513,"template":"","meta":[],"product_brand":[],"product_cat":[15],"product_tag":[],"class_list":{"0":"post-510","1":"product","2":"type-product","3":"status-publish","4":"has-post-thumbnail","6":"product_cat-ikinci-el-esya","8":"first","9":"instock","10":"sale","11":"shipping-taxable","12":"purchasable","13":"product-type-simple"},"_links":{"self":[{"href":"https:\/\/mustisoruyor.com\/ikinciel\/wp-json\/wp\/v2\/product\/510","targetHints":{"allow":["GET"]}}],"collection":[{"href":"https:\/\/mustisoruyor.com\/ikinciel\/wp-json\/wp\/v2\/product"}],"about":[{"href":"https:\/\/mustisoruyor.com\/ikinciel\/wp-json\/wp\/v2\/types\/product"}],"wp:featuredmedia":[{"embeddable":true,"href":"https:\/\/mustisoruyor.com\/ikinciel\/wp-json\/wp\/v2\/media\/513"}],"wp:attachment":[{"href":"https:\/\/mustisoruyor.com\/ikinciel\/wp-json\/wp\/v2\/media?parent=510"}],"wp:term":[{"taxonomy":"product_brand","embeddable":true,"href":"https:\/\/mustisoruyor.com\/ikinciel\/wp-json\/wp\/v2\/product_brand?post=510"},{"taxonomy":"product_cat","embeddable":true,"href":"https:\/\/mustisoruyor.com\/ikinciel\/wp-json\/wp\/v2\/product_cat?post=510"},{"taxonomy":"product_tag","embeddable":true,"href":"https:\/\/mustisoruyor.com\/ikinciel\/wp-json\/wp\/v2\/product_tag?post=510"}],"curies":[{"name":"wp","href":"https:\/\/api.w.org\/{rel}","templated":true}]}}