{"id":586,"date":"2025-08-08T08:20:39","date_gmt":"2025-08-08T05:20:39","guid":{"rendered":"https:\/\/mustisoruyor.com\/ikinciel\/?post_type=product&#038;p=586"},"modified":"2025-08-08T08:20:40","modified_gmt":"2025-08-08T05:20:40","slug":"cikma-kara-sac-siyah-sac-plaka-levha-her-olcude-satilik-cikma-sac-levhalar","status":"publish","type":"product","link":"https:\/\/mustisoruyor.com\/ikinciel\/urun\/cikma-kara-sac-siyah-sac-plaka-levha-her-olcude-satilik-cikma-sac-levhalar\/","title":{"rendered":"\u00c7\u0131kma kara sac siyah sac plaka levha her \u00f6l\u00e7\u00fcde sat\u0131l\u0131k \u00e7\u0131kma sac levhalar"},"content":{"rendered":"<p>2. el levha saclar s\u0131cak haddelenmi\u015f ve kullan\u0131m a\u00e7\u0131s\u0131ndan farkl\u0131 avantajlar sunar \u00e7elik \u00fcr\u00fcnler aras\u0131nda yer al\u0131r. \u00c7elik malzeme ile \u00fcretildi\u011fi i\u00e7in uzun \u00f6m\u00fcrl\u00fc bir kullan\u0131m sunar. Bu sebeple ikinci el olarak al\u0131n\u0131p sat\u0131labilen \u00fcr\u00fcnlerin aras\u0131nda yer al\u0131r.<\/p>\n<p>Slab olarak da adland\u0131r\u0131lan s\u0131v\u0131 haldeki \u00e7eli\u011fin s\u00fcrekli d\u00f6k\u00fclmesi ve dondurulmas\u0131 ile dikd\u00f6rtgen ya da kare hale getirilen \u00fcr\u00fcnler levha saclard\u0131r. Levha saclar en az 1700 F s\u0131cakl\u0131klar\u0131ndaki haddehanelerde, s\u0131cak haddeleme sonucu \u00fcretilir. \u00dcretim esnas\u0131nda dikkat edilen etkenler levha saclar\u0131n birbirinden farkl\u0131 kal\u0131nl\u0131k ve boyutlarda olabilmelerini sa\u011flar.<\/p>\n","protected":false},"excerpt":{"rendered":"<p>\u00c7\u0131kma kara sac siyah sac levha  Siyah sac \u00fcr\u00fcnlerimizle Projelerinize g\u00fc\u00e7 katacak dayan\u0131kl\u0131 siyah saclar i\u00e7in hemen sipari\u015f verebilirsiniz. Projeleriniz i\u00e7in projelerinize kalite ve Trapez Sac Stoklu Sat\u0131\u015f ! En 100 cm \/ Sac Kal\u0131nl\u0131\u011f\u0131 : 0.50 mm. 220 TL. dayan\u0131kl\u0131l\u0131k kat\u0131yoruz. \u0130leti\u015fime ge\u00e7in. H\u0131zl\u0131 teslimat ve uygun fiyat avantaj\u0131yla dayan\u0131kl\u0131<\/p>\n","protected":false},"featured_media":587,"template":"","meta":[],"product_brand":[],"product_cat":[15],"product_tag":[],"class_list":{"0":"post-586","1":"product","2":"type-product","3":"status-publish","4":"has-post-thumbnail","6":"product_cat-ikinci-el-esya","8":"first","9":"instock","10":"sale","11":"shipping-taxable","12":"purchasable","13":"product-type-simple"},"_links":{"self":[{"href":"https:\/\/mustisoruyor.com\/ikinciel\/wp-json\/wp\/v2\/product\/586","targetHints":{"allow":["GET"]}}],"collection":[{"href":"https:\/\/mustisoruyor.com\/ikinciel\/wp-json\/wp\/v2\/product"}],"about":[{"href":"https:\/\/mustisoruyor.com\/ikinciel\/wp-json\/wp\/v2\/types\/product"}],"wp:featuredmedia":[{"embeddable":true,"href":"https:\/\/mustisoruyor.com\/ikinciel\/wp-json\/wp\/v2\/media\/587"}],"wp:attachment":[{"href":"https:\/\/mustisoruyor.com\/ikinciel\/wp-json\/wp\/v2\/media?parent=586"}],"wp:term":[{"taxonomy":"product_brand","embeddable":true,"href":"https:\/\/mustisoruyor.com\/ikinciel\/wp-json\/wp\/v2\/product_brand?post=586"},{"taxonomy":"product_cat","embeddable":true,"href":"https:\/\/mustisoruyor.com\/ikinciel\/wp-json\/wp\/v2\/product_cat?post=586"},{"taxonomy":"product_tag","embeddable":true,"href":"https:\/\/mustisoruyor.com\/ikinciel\/wp-json\/wp\/v2\/product_tag?post=586"}],"curies":[{"name":"wp","href":"https:\/\/api.w.org\/{rel}","templated":true}]}}