{"id":592,"date":"2025-08-12T08:24:22","date_gmt":"2025-08-12T05:24:22","guid":{"rendered":"https:\/\/mustisoruyor.com\/ikinciel\/?post_type=product&#038;p=592"},"modified":"2025-08-12T08:24:22","modified_gmt":"2025-08-12T05:24:22","slug":"cikma-insaat-kerestesi-2-el-kereste-fiyatlari-sahibinden","status":"publish","type":"product","link":"https:\/\/mustisoruyor.com\/ikinciel\/urun\/cikma-insaat-kerestesi-2-el-kereste-fiyatlari-sahibinden\/","title":{"rendered":"\u00c7\u0131kma in\u015faat kerestesi 2. El KERESTE Fiyatlar\u0131 sahibinden"},"content":{"rendered":"","protected":false},"excerpt":{"rendered":"<p>\u00c7\u0131kma in\u015faat kerestesi 2. El KERESTE Fiyatlar\u0131 sahibinden ikinci El Teleskopik Direk 2 El KERESTE Letgo<br \/>\n2. El KERESTE Fiyatlar\u0131 sahibinden<br \/>\nGebze de sahibinden sat\u0131l\u0131k \u0130kinci El KEREST<br \/>\nSahibinden 2 El PLYWOOD Fiyatlar\u0131<br \/>\n2 el kereste 5&#215;10<br \/>\n2. el in\u015faat Malzemeleri Al\u0131m SATIM B\u00fcy\u00fck\u00e7ekmece \u0130stanbul. Statik Hesap Raporu, G\u00fcvenli \u0130skele Sistemleri.<\/p>\n","protected":false},"featured_media":595,"template":"","meta":[],"product_brand":[],"product_cat":[32],"product_tag":[],"class_list":{"0":"post-592","1":"product","2":"type-product","3":"status-publish","4":"has-post-thumbnail","6":"product_cat-ikinci-el-mobilya","8":"first","9":"instock","10":"sale","11":"shipping-taxable","12":"purchasable","13":"product-type-simple"},"_links":{"self":[{"href":"https:\/\/mustisoruyor.com\/ikinciel\/wp-json\/wp\/v2\/product\/592","targetHints":{"allow":["GET"]}}],"collection":[{"href":"https:\/\/mustisoruyor.com\/ikinciel\/wp-json\/wp\/v2\/product"}],"about":[{"href":"https:\/\/mustisoruyor.com\/ikinciel\/wp-json\/wp\/v2\/types\/product"}],"wp:featuredmedia":[{"embeddable":true,"href":"https:\/\/mustisoruyor.com\/ikinciel\/wp-json\/wp\/v2\/media\/595"}],"wp:attachment":[{"href":"https:\/\/mustisoruyor.com\/ikinciel\/wp-json\/wp\/v2\/media?parent=592"}],"wp:term":[{"taxonomy":"product_brand","embeddable":true,"href":"https:\/\/mustisoruyor.com\/ikinciel\/wp-json\/wp\/v2\/product_brand?post=592"},{"taxonomy":"product_cat","embeddable":true,"href":"https:\/\/mustisoruyor.com\/ikinciel\/wp-json\/wp\/v2\/product_cat?post=592"},{"taxonomy":"product_tag","embeddable":true,"href":"https:\/\/mustisoruyor.com\/ikinciel\/wp-json\/wp\/v2\/product_tag?post=592"}],"curies":[{"name":"wp","href":"https:\/\/api.w.org\/{rel}","templated":true}]}}