{"id":597,"date":"2025-11-12T15:39:31","date_gmt":"2025-11-12T12:39:31","guid":{"rendered":"https:\/\/mustisoruyor.com\/ikinciel\/?post_type=product&#038;p=597"},"modified":"2025-11-12T15:39:31","modified_gmt":"2025-11-12T12:39:31","slug":"ikinci-el-1-tonluk-plastik-su-depolari","status":"publish","type":"product","link":"https:\/\/mustisoruyor.com\/ikinciel\/urun\/ikinci-el-1-tonluk-plastik-su-depolari\/","title":{"rendered":"ikinci el 1 tonluk plastik su depolar\u0131"},"content":{"rendered":"","protected":false},"excerpt":{"rendered":"<p>T\u00fcketilmeyen s\u0131v\u0131lar i\u00e7in kullan\u0131lan 1 tonluk su deposu ta\u015fma 1 tonluk plastik su tank\u0131 ka\u00e7 lira?<br \/>\n1 tonluk su tankeri fiyat\u0131 ne kadar?<br \/>\n1 tonluk kare su deposu \u00f6l\u00e7\u00fcleri?<br \/>\n1 ton su ka\u00e7 TL tanker?<br \/>\n ve s\u0131z\u0131nt\u0131lara kar\u015f\u0131 borular ile desteklenebilir. Yeralt\u0131 su depolar\u0131 p\u00fcr\u00fczs\u00fcz<\/p>\n","protected":false},"featured_media":598,"template":"","meta":[],"product_brand":[],"product_cat":[15],"product_tag":[],"class_list":{"0":"post-597","1":"product","2":"type-product","3":"status-publish","4":"has-post-thumbnail","6":"product_cat-ikinci-el-esya","8":"first","9":"instock","10":"sale","11":"shipping-taxable","12":"purchasable","13":"product-type-simple"},"_links":{"self":[{"href":"https:\/\/mustisoruyor.com\/ikinciel\/wp-json\/wp\/v2\/product\/597","targetHints":{"allow":["GET"]}}],"collection":[{"href":"https:\/\/mustisoruyor.com\/ikinciel\/wp-json\/wp\/v2\/product"}],"about":[{"href":"https:\/\/mustisoruyor.com\/ikinciel\/wp-json\/wp\/v2\/types\/product"}],"wp:featuredmedia":[{"embeddable":true,"href":"https:\/\/mustisoruyor.com\/ikinciel\/wp-json\/wp\/v2\/media\/598"}],"wp:attachment":[{"href":"https:\/\/mustisoruyor.com\/ikinciel\/wp-json\/wp\/v2\/media?parent=597"}],"wp:term":[{"taxonomy":"product_brand","embeddable":true,"href":"https:\/\/mustisoruyor.com\/ikinciel\/wp-json\/wp\/v2\/product_brand?post=597"},{"taxonomy":"product_cat","embeddable":true,"href":"https:\/\/mustisoruyor.com\/ikinciel\/wp-json\/wp\/v2\/product_cat?post=597"},{"taxonomy":"product_tag","embeddable":true,"href":"https:\/\/mustisoruyor.com\/ikinciel\/wp-json\/wp\/v2\/product_tag?post=597"}],"curies":[{"name":"wp","href":"https:\/\/api.w.org\/{rel}","templated":true}]}}