{"id":601,"date":"2025-12-12T08:44:25","date_gmt":"2025-12-12T05:44:25","guid":{"rendered":"https:\/\/mustisoruyor.com\/ikinciel\/?post_type=product&#038;p=601"},"modified":"2025-12-12T08:44:25","modified_gmt":"2025-12-12T05:44:25","slug":"sifir-ikinci-el-dyson-airwrap-tum-renkler-mevcuttur","status":"publish","type":"product","link":"https:\/\/mustisoruyor.com\/ikinciel\/urun\/sifir-ikinci-el-dyson-airwrap-tum-renkler-mevcuttur\/","title":{"rendered":"SIFIR \u0130K\u0130NC\u0130 EL DYSON A\u0130RWRAP T\u00dcM RENKLER MEVCUTTUR"},"content":{"rendered":"<p><img loading=\"lazy\" decoding=\"async\" src=\"https:\/\/mustisoruyor.com\/ikinciel\/wp-content\/uploads\/2025\/12\/SIFIR-IKINCI-EL-DYSON-AIRWRAP-2.png\" alt=\"\" width=\"1237\" height=\"906\" class=\"aligncenter size-full wp-image-604\" title=\"\" srcset=\"https:\/\/mustisoruyor.com\/ikinciel\/wp-content\/uploads\/2025\/12\/SIFIR-IKINCI-EL-DYSON-AIRWRAP-2.png 1237w, https:\/\/mustisoruyor.com\/ikinciel\/wp-content\/uploads\/2025\/12\/SIFIR-IKINCI-EL-DYSON-AIRWRAP-2-300x220.png 300w, https:\/\/mustisoruyor.com\/ikinciel\/wp-content\/uploads\/2025\/12\/SIFIR-IKINCI-EL-DYSON-AIRWRAP-2-1024x750.png 1024w, https:\/\/mustisoruyor.com\/ikinciel\/wp-content\/uploads\/2025\/12\/SIFIR-IKINCI-EL-DYSON-AIRWRAP-2-768x562.png 768w, https:\/\/mustisoruyor.com\/ikinciel\/wp-content\/uploads\/2025\/12\/SIFIR-IKINCI-EL-DYSON-AIRWRAP-2-600x439.png 600w\" sizes=\"auto, (max-width: 1237px) 100vw, 1237px\" \/><\/p>\n","protected":false},"excerpt":{"rendered":"<p>SIFIR \u0130K\u0130NC\u0130 EL DYSON A\u0130RWRAP  1. kalite ithal \u00fcr\u00fcnd\u00fcr kapal\u0131 kutu \u015feklinde teslim yap\u0131lmaktad\u0131r istanbul i\u00e7i elden kap\u0131n\u0131za teslim detayl\u0131 bilgi i\u00e7in yaz\u0131n\u0131z GARANT\u0130 YOK<\/p>\n","protected":false},"featured_media":602,"template":"","meta":[],"product_brand":[],"product_cat":[30],"product_tag":[],"class_list":{"0":"post-601","1":"product","2":"type-product","3":"status-publish","4":"has-post-thumbnail","6":"product_cat-ikinci-el-beyaz-esya","8":"first","9":"instock","10":"sale","11":"shipping-taxable","12":"purchasable","13":"product-type-simple"},"_links":{"self":[{"href":"https:\/\/mustisoruyor.com\/ikinciel\/wp-json\/wp\/v2\/product\/601","targetHints":{"allow":["GET"]}}],"collection":[{"href":"https:\/\/mustisoruyor.com\/ikinciel\/wp-json\/wp\/v2\/product"}],"about":[{"href":"https:\/\/mustisoruyor.com\/ikinciel\/wp-json\/wp\/v2\/types\/product"}],"wp:featuredmedia":[{"embeddable":true,"href":"https:\/\/mustisoruyor.com\/ikinciel\/wp-json\/wp\/v2\/media\/602"}],"wp:attachment":[{"href":"https:\/\/mustisoruyor.com\/ikinciel\/wp-json\/wp\/v2\/media?parent=601"}],"wp:term":[{"taxonomy":"product_brand","embeddable":true,"href":"https:\/\/mustisoruyor.com\/ikinciel\/wp-json\/wp\/v2\/product_brand?post=601"},{"taxonomy":"product_cat","embeddable":true,"href":"https:\/\/mustisoruyor.com\/ikinciel\/wp-json\/wp\/v2\/product_cat?post=601"},{"taxonomy":"product_tag","embeddable":true,"href":"https:\/\/mustisoruyor.com\/ikinciel\/wp-json\/wp\/v2\/product_tag?post=601"}],"curies":[{"name":"wp","href":"https:\/\/api.w.org\/{rel}","templated":true}]}}