{"id":605,"date":"2025-12-17T08:50:11","date_gmt":"2025-12-17T05:50:11","guid":{"rendered":"https:\/\/mustisoruyor.com\/ikinciel\/?post_type=product&#038;p=605"},"modified":"2025-12-17T08:50:12","modified_gmt":"2025-12-17T05:50:12","slug":"ikinci-el-sony-lbt-xb-8av-muzik-seti-tam-takim-full-calisir","status":"publish","type":"product","link":"https:\/\/mustisoruyor.com\/ikinciel\/urun\/ikinci-el-sony-lbt-xb-8av-muzik-seti-tam-takim-full-calisir\/","title":{"rendered":"\u0130K\u0130NC\u0130 EL SONY LBT XB-8AV M\u00dcZ\u0130K SET\u0130 &#8211; TAM TAKIM &#8211; FULL \u00c7ALI\u015eIR"},"content":{"rendered":"<p><img loading=\"lazy\" decoding=\"async\" src=\"https:\/\/mustisoruyor.com\/ikinciel\/wp-content\/uploads\/2025\/12\/SONY-LBT-XB-8AV-MUZIK-SETI-TAM-TAKIM-FULL-CALISIR-5.png\" alt=\"\" width=\"1142\" height=\"854\" class=\"aligncenter size-full wp-image-610\" title=\"\" srcset=\"https:\/\/mustisoruyor.com\/ikinciel\/wp-content\/uploads\/2025\/12\/SONY-LBT-XB-8AV-MUZIK-SETI-TAM-TAKIM-FULL-CALISIR-5.png 1142w, https:\/\/mustisoruyor.com\/ikinciel\/wp-content\/uploads\/2025\/12\/SONY-LBT-XB-8AV-MUZIK-SETI-TAM-TAKIM-FULL-CALISIR-5-300x224.png 300w, https:\/\/mustisoruyor.com\/ikinciel\/wp-content\/uploads\/2025\/12\/SONY-LBT-XB-8AV-MUZIK-SETI-TAM-TAKIM-FULL-CALISIR-5-1024x766.png 1024w, https:\/\/mustisoruyor.com\/ikinciel\/wp-content\/uploads\/2025\/12\/SONY-LBT-XB-8AV-MUZIK-SETI-TAM-TAKIM-FULL-CALISIR-5-768x574.png 768w, https:\/\/mustisoruyor.com\/ikinciel\/wp-content\/uploads\/2025\/12\/SONY-LBT-XB-8AV-MUZIK-SETI-TAM-TAKIM-FULL-CALISIR-5-160x120.png 160w, https:\/\/mustisoruyor.com\/ikinciel\/wp-content\/uploads\/2025\/12\/SONY-LBT-XB-8AV-MUZIK-SETI-TAM-TAKIM-FULL-CALISIR-5-600x449.png 600w\" sizes=\"auto, (max-width: 1142px) 100vw, 1142px\" \/><\/p>\n<p>SONY HCD XB-8AV RADYO (\u00e7al\u0131\u015f\u0131yor)<\/p>\n<p>AUX (\u00e7al\u0131\u015f\u0131yor)<\/p>\n<p>CD \u00c7ALAR (\u00e7al\u0131\u015f\u0131yor)<\/p>\n<p>KASET \u00c7ALAR (bak\u0131m ister) aux ile tv &#8211; telefon vb ba\u011flanabilmektedir 2 front 2 surround ve 1 center olmak \u00fczere toplam 5 hoparl\u00f6r Orjinal kumandas\u0131, anteni ve kablolar\u0131 mevcuttur T\u00fcm \u00e7\u0131k\u0131\u015flar\u0131 hoparl\u00f6rleri sorunsuz \u00e7al\u0131\u015f\u0131yor \u00c7ok g\u00fc\u00e7l\u00fc ve net bir sese sahip Kozmetik anlamda 10 \u00fczerinden 9,5 diyebilirim \u0130lk Sahibinden, Nerdeyse Yeni kadar temiz<\/p>\n","protected":false},"excerpt":{"rendered":"<p>kinci El Sony M\u00fczik Seti &#038; Teyp &#8211; SONY LBT XB-8AV M\u00dcZ\u0130K SET\u0130 &#8211; TAM TAKIM fiyatlar\u0131 ilan ve al\u0131\u015fveri\u015fte ilk adres  Sony xb8av g\u00f6vdesi radyo \u00e7al\u0131\u015f\u0131yor kaset \u00e7al\u0131\u015f\u0131yor B taraf\u0131 CD \u00e7al\u0131\u015f\u0131yor aux \u00e7al\u0131\u015f\u0131yor \u00e7\u0131k\u0131\u015flar sorunsuz kumandas\u0131 yok tek kusuru CD kapa\u011f\u0131<\/p>\n","protected":false},"featured_media":606,"template":"","meta":[],"product_brand":[],"product_cat":[15],"product_tag":[],"class_list":{"0":"post-605","1":"product","2":"type-product","3":"status-publish","4":"has-post-thumbnail","6":"product_cat-ikinci-el-esya","8":"first","9":"instock","10":"sale","11":"shipping-taxable","12":"purchasable","13":"product-type-simple"},"_links":{"self":[{"href":"https:\/\/mustisoruyor.com\/ikinciel\/wp-json\/wp\/v2\/product\/605","targetHints":{"allow":["GET"]}}],"collection":[{"href":"https:\/\/mustisoruyor.com\/ikinciel\/wp-json\/wp\/v2\/product"}],"about":[{"href":"https:\/\/mustisoruyor.com\/ikinciel\/wp-json\/wp\/v2\/types\/product"}],"wp:featuredmedia":[{"embeddable":true,"href":"https:\/\/mustisoruyor.com\/ikinciel\/wp-json\/wp\/v2\/media\/606"}],"wp:attachment":[{"href":"https:\/\/mustisoruyor.com\/ikinciel\/wp-json\/wp\/v2\/media?parent=605"}],"wp:term":[{"taxonomy":"product_brand","embeddable":true,"href":"https:\/\/mustisoruyor.com\/ikinciel\/wp-json\/wp\/v2\/product_brand?post=605"},{"taxonomy":"product_cat","embeddable":true,"href":"https:\/\/mustisoruyor.com\/ikinciel\/wp-json\/wp\/v2\/product_cat?post=605"},{"taxonomy":"product_tag","embeddable":true,"href":"https:\/\/mustisoruyor.com\/ikinciel\/wp-json\/wp\/v2\/product_tag?post=605"}],"curies":[{"name":"wp","href":"https:\/\/api.w.org\/{rel}","templated":true}]}}