{"id":612,"date":"2025-12-25T09:21:26","date_gmt":"2025-12-25T06:21:26","guid":{"rendered":"https:\/\/mustisoruyor.com\/ikinciel\/?post_type=product&#038;p=612"},"modified":"2025-12-25T09:21:26","modified_gmt":"2025-12-25T06:21:26","slug":"tek-kisilik-spot-sunger-yatak","status":"publish","type":"product","link":"https:\/\/mustisoruyor.com\/ikinciel\/urun\/tek-kisilik-spot-sunger-yatak\/","title":{"rendered":"TEK K\u0130\u015e\u0130L\u0130K SPOT S\u00dcNGER YATAK"},"content":{"rendered":"<p>190&#215;90 CM TEK KISILIK ORTOPED\u0130K BAMBOO YATAK 21 CM KALINLIKTA ORTOPED\u0130K BAMBOO YATAK EN AZ 2 ADET SATILIR T\u00dcM \u0130STANBUL \u00dcCRETS\u0130Z TESL\u0130MAT SA\u011eLANMAKTADIR . KAPIDA \u00d6DEME \u0130MKANI VARDIR. \u00d6zellikleri : Yaylar\u0131n \u00fczerinde kullan\u0131lan termofelt tabaka, yata\u011f\u0131n Ortopedik olmas\u0131n\u0131 ve bas\u0131nc\u0131n y\u00fczeye e\u015fit da\u011f\u0131lmas\u0131n\u0131 sa\u011flamaktad\u0131r. Kuma\u015f\u0131 ve dolgu malzemesi, mite, mantar ve bakteri bar\u0131nd\u0131rmaz. Yata\u011fa uygulanan bas\u0131nc\u0131 e\u015fit oranda da\u011f\u0131tan hijyenik rebounded ke\u00e7e bel ve s\u0131rt a\u011fr\u0131lar\u0131n\u0131n azalt\u0131lmas\u0131na katk\u0131 yard\u0131mc\u0131d\u0131r. Anti bakteriyel \u00e7ift kat kaplamal\u0131 kuma\u015f \u00e7elik telden imal edilmi\u015f helezon \u015fekilli bonel yay sistemi. Yay karkas mukavemetini ve s\u00fcspansiyonu art\u0131rmak i\u00e7in karkas etraf\u0131nda havuzlama sistemi. yuksekl\u0131gi 21 cm kal\u0131nl\u0131ktad\u0131r. **FARKLI KALITEDE NEVRESIM YORGAN YASTIK RANZA YATAK CESITLERIMIZ VARDIR <img loading=\"lazy\" decoding=\"async\" src=\"https:\/\/mustisoruyor.com\/ikinciel\/wp-content\/uploads\/2025\/12\/TEK-KISILIK-SPOT-SUNGER-YATAK-1.png\" alt=\"\" width=\"1305\" height=\"900\" class=\"aligncenter size-full wp-image-614\" title=\"\" srcset=\"https:\/\/mustisoruyor.com\/ikinciel\/wp-content\/uploads\/2025\/12\/TEK-KISILIK-SPOT-SUNGER-YATAK-1.png 1305w, https:\/\/mustisoruyor.com\/ikinciel\/wp-content\/uploads\/2025\/12\/TEK-KISILIK-SPOT-SUNGER-YATAK-1-300x207.png 300w, https:\/\/mustisoruyor.com\/ikinciel\/wp-content\/uploads\/2025\/12\/TEK-KISILIK-SPOT-SUNGER-YATAK-1-1024x706.png 1024w, https:\/\/mustisoruyor.com\/ikinciel\/wp-content\/uploads\/2025\/12\/TEK-KISILIK-SPOT-SUNGER-YATAK-1-768x530.png 768w, https:\/\/mustisoruyor.com\/ikinciel\/wp-content\/uploads\/2025\/12\/TEK-KISILIK-SPOT-SUNGER-YATAK-1-600x414.png 600w\" sizes=\"auto, (max-width: 1305px) 100vw, 1305px\" \/><\/p>\n","protected":false},"excerpt":{"rendered":"<p>TEK K\u0130\u015e\u0130L\u0130K SPOT S\u00dcNGER YATAK SPOT S\u00fcnger yatak modelleri avantajl\u0131 fiyatlarla IKEA&#8217;da. Farkl\u0131 boyutlardaki tek ve \u00e7ift ki\u015filik s\u00fcnger TEK K\u0130\u015e\u0130L\u0130K S\u00dcNGER YATAK. G\u00dcVEN\u0130L\u0130R VE RAHAT UYKU. ERGONOM\u0130K YAPISI SAYES\u0130NDE S\u0130ZE RAHAT UYKU SA\u011eLAR. KAD\u0130FEMS\u0130 DOKU<\/p>\n","protected":false},"featured_media":613,"template":"","meta":[],"product_brand":[],"product_cat":[33],"product_tag":[],"class_list":{"0":"post-612","1":"product","2":"type-product","3":"status-publish","4":"has-post-thumbnail","6":"product_cat-spot-defolu-esya","8":"first","9":"instock","10":"sale","11":"shipping-taxable","12":"purchasable","13":"product-type-simple"},"_links":{"self":[{"href":"https:\/\/mustisoruyor.com\/ikinciel\/wp-json\/wp\/v2\/product\/612","targetHints":{"allow":["GET"]}}],"collection":[{"href":"https:\/\/mustisoruyor.com\/ikinciel\/wp-json\/wp\/v2\/product"}],"about":[{"href":"https:\/\/mustisoruyor.com\/ikinciel\/wp-json\/wp\/v2\/types\/product"}],"wp:featuredmedia":[{"embeddable":true,"href":"https:\/\/mustisoruyor.com\/ikinciel\/wp-json\/wp\/v2\/media\/613"}],"wp:attachment":[{"href":"https:\/\/mustisoruyor.com\/ikinciel\/wp-json\/wp\/v2\/media?parent=612"}],"wp:term":[{"taxonomy":"product_brand","embeddable":true,"href":"https:\/\/mustisoruyor.com\/ikinciel\/wp-json\/wp\/v2\/product_brand?post=612"},{"taxonomy":"product_cat","embeddable":true,"href":"https:\/\/mustisoruyor.com\/ikinciel\/wp-json\/wp\/v2\/product_cat?post=612"},{"taxonomy":"product_tag","embeddable":true,"href":"https:\/\/mustisoruyor.com\/ikinciel\/wp-json\/wp\/v2\/product_tag?post=612"}],"curies":[{"name":"wp","href":"https:\/\/api.w.org\/{rel}","templated":true}]}}